{"id":7146,"date":"2015-12-11T19:09:52","date_gmt":"2015-12-11T17:09:52","guid":{"rendered":"https:\/\/www.fontionnel.sk\/?page_id=7146"},"modified":"2016-07-16T22:26:38","modified_gmt":"2016-07-16T20:26:38","slug":"predaj-a-s","status":"publish","type":"page","link":"https:\/\/www.fontionnel.sk\/hu\/slovak-predaj-a-s\/","title":{"rendered":"(Slovak) Predaj a.s."},"content":{"rendered":"<p class=\"qtranxs-available-languages-message qtranxs-available-languages-message-hu\">Sajnos ennek a bejegyz\u00e9snek csak <a href=\"https:\/\/www.fontionnel.sk\/sk\/wp-json\/wp\/v2\/pages\/7146\" class=\"qtranxs-available-language-link qtranxs-available-language-link-sk\" title=\"Slovak\">Slovak<\/a> \u00e9s <a href=\"https:\/\/www.fontionnel.sk\/cz\/wp-json\/wp\/v2\/pages\/7146\" class=\"qtranxs-available-language-link qtranxs-available-language-link-cz\" title=\"Czech\">Czech<\/a> nyelv\u0171 v\u00e1ltozata van.<\/p>","protected":false},"excerpt":{"rendered":"<p>Sajnos ennek a bejegyz\u00e9snek csak Slovak \u00e9s Czech nyelv\u0171 v\u00e1ltozata van.<\/p>\n","protected":false},"author":2,"featured_media":7689,"parent":0,"menu_order":0,"comment_status":"closed","ping_status":"closed","template":"sluzby.php","meta":{"footnotes":""},"class_list":["post-7146","page","type-page","status-publish","has-post-thumbnail","hentry"],"aioseo_notices":[],"_links":{"self":[{"href":"https:\/\/www.fontionnel.sk\/hu\/wp-json\/wp\/v2\/pages\/7146","targetHints":{"allow":["GET"]}}],"collection":[{"href":"https:\/\/www.fontionnel.sk\/hu\/wp-json\/wp\/v2\/pages"}],"about":[{"href":"https:\/\/www.fontionnel.sk\/hu\/wp-json\/wp\/v2\/types\/page"}],"author":[{"embeddable":true,"href":"https:\/\/www.fontionnel.sk\/hu\/wp-json\/wp\/v2\/users\/2"}],"replies":[{"embeddable":true,"href":"https:\/\/www.fontionnel.sk\/hu\/wp-json\/wp\/v2\/comments?post=7146"}],"version-history":[{"count":1,"href":"https:\/\/www.fontionnel.sk\/hu\/wp-json\/wp\/v2\/pages\/7146\/revisions"}],"predecessor-version":[{"id":7147,"href":"https:\/\/www.fontionnel.sk\/hu\/wp-json\/wp\/v2\/pages\/7146\/revisions\/7147"}],"wp:featuredmedia":[{"embeddable":true,"href":"https:\/\/www.fontionnel.sk\/hu\/wp-json\/wp\/v2\/media\/7689"}],"wp:attachment":[{"href":"https:\/\/www.fontionnel.sk\/hu\/wp-json\/wp\/v2\/media?parent=7146"}],"curies":[{"name":"wp","href":"https:\/\/api.w.org\/{rel}","templated":true}]}}